{"id":4128,"date":"2022-11-10T08:54:14","date_gmt":"2022-11-10T08:54:14","guid":{"rendered":"https:\/\/ente.nu\/kontakt\/"},"modified":"2023-09-13T08:15:05","modified_gmt":"2023-09-13T08:15:05","slug":"kontakt","status":"publish","type":"page","link":"https:\/\/ente.nu\/da\/kontakt\/","title":{"rendered":"Kontakt"},"content":{"rendered":"\n<p>Hos Ente s\u00e6tter vi pris p\u00e5 og gl\u00e6der os over alle anmodninger, feedback og sp\u00f8rgsm\u00e5l fra vores l\u00e6sere. Vi mener, at det er gennem kommunikation og interaktion med vores l\u00e6sere, at vi kan forbedre og tilpasse vores websted for at opfylde deres behov og interesser.<\/p>\n<div class=\"wpforms-container wpforms-container-full\" id=\"wpforms-460239\"><form id=\"wpforms-form-460239\" class=\"wpforms-validate wpforms-form wpforms-ajax-form\" data-formid=\"460239\" method=\"post\" enctype=\"multipart\/form-data\" action=\"\/da\/wp-json\/wp\/v2\/pages\/4128\" data-token=\"798d4852d8be29112da218b48ecdfac4\"><noscript class=\"wpforms-error-noscript\">Please enable JavaScript in your browser to complete this form.<\/noscript><div class=\"wpforms-field-container\"><div id=\"wpforms-460239-field_0-container\" class=\"wpforms-field wpforms-field-name\" data-field-id=\"0\"><label class=\"wpforms-field-label\" for=\"wpforms-460239-field_0\">Name <span class=\"wpforms-required-label\">*<\/span><\/label><input type=\"text\" id=\"wpforms-460239-field_0\" class=\"wpforms-field-medium wpforms-field-required\" name=\"wpforms[fields][0]\" required><\/div><div id=\"wpforms-460239-field_8-container\" class=\"wpforms-field wpforms-field-checkbox\" data-field-id=\"8\"><label class=\"wpforms-field-label\" for=\"wpforms-460239-field_8\">Why are you contacting us?<\/label><ul id=\"wpforms-460239-field_8\"><li class=\"choice-1 depth-1\"><input type=\"checkbox\" id=\"wpforms-460239-field_8_1\" name=\"wpforms[fields][8][]\" value=\"Advertising\"  ><label class=\"wpforms-field-label-inline\" for=\"wpforms-460239-field_8_1\">Advertising<\/label><\/li><li class=\"choice-2 depth-1\"><input type=\"checkbox\" id=\"wpforms-460239-field_8_2\" name=\"wpforms[fields][8][]\" value=\"Tips\"  ><label class=\"wpforms-field-label-inline\" for=\"wpforms-460239-field_8_2\">Tips<\/label><\/li><li class=\"choice-3 depth-1\"><input type=\"checkbox\" id=\"wpforms-460239-field_8_3\" name=\"wpforms[fields][8][]\" value=\"Other\"  ><label class=\"wpforms-field-label-inline\" for=\"wpforms-460239-field_8_3\">Other<\/label><\/li><\/ul><\/div><div id=\"wpforms-460239-field_7-container\" class=\"wpforms-field wpforms-field-text\" data-field-id=\"7\"><label class=\"wpforms-field-label\" for=\"wpforms-460239-field_7\">Your company name<\/label><input type=\"text\" id=\"wpforms-460239-field_7\" class=\"wpforms-field-medium\" name=\"wpforms[fields][7]\" ><\/div><div id=\"wpforms-460239-field_6-container\" class=\"wpforms-field wpforms-field-email\" data-field-id=\"6\"><label class=\"wpforms-field-label\" for=\"wpforms-460239-field_6\">Email  <span class=\"wpforms-required-label\">*<\/span><\/label><input type=\"email\" id=\"wpforms-460239-field_6\" class=\"wpforms-field-medium wpforms-field-required\" name=\"wpforms[fields][6]\" spellcheck=\"false\" required><\/div><div id=\"wpforms-460239-field_2-container\" class=\"wpforms-field wpforms-field-textarea\" data-field-id=\"2\"><label class=\"wpforms-field-label\" for=\"wpforms-460239-field_2\">Your message <span class=\"wpforms-required-label\">*<\/span><\/label><textarea id=\"wpforms-460239-field_2\" class=\"wpforms-field-medium wpforms-field-required\" name=\"wpforms[fields][2]\" required><\/textarea><\/div><\/div><!-- .wpforms-field-container --><div class=\"wpforms-recaptcha-container wpforms-is-hcaptcha\" ><div class=\"g-recaptcha\" data-sitekey=\"34fbaa3f-2deb-4ed1-8fba-3f7e900742ec\"><\/div><input type=\"text\" name=\"g-recaptcha-hidden\" class=\"wpforms-recaptcha-hidden\" style=\"position:absolute!important;clip:rect(0,0,0,0)!important;height:1px!important;width:1px!important;border:0!important;overflow:hidden!important;padding:0!important;margin:0!important;\" data-rule-hcaptcha=\"1\"><\/div><div class=\"wpforms-submit-container\" ><input type=\"hidden\" name=\"wpforms[id]\" value=\"460239\"><input type=\"hidden\" name=\"wpforms[author]\" value=\"1\"><button type=\"submit\" name=\"wpforms[submit]\" id=\"wpforms-submit-460239\" class=\"wpforms-submit\" data-alt-text=\"Sending...\" data-submit-text=\"Send\" aria-live=\"assertive\" value=\"wpforms-submit\">Send<\/button><img loading=\"lazy\" loading=\"lazy\" decoding=\"async\" src=\"https:\/\/ente.nu\/wp-content\/plugins\/wpforms\/assets\/images\/submit-spin.svg\" class=\"wpforms-submit-spinner\" style=\"display: none;\" width=\"26\" height=\"26\" alt=\"Loading\"><\/div><\/form><\/div>  <!-- .wpforms-container -->\n\n<h2 class=\"wp-block-heading\">Skype<\/h2>\n\n<p>Vi foretr\u00e6kker at kommunikere med vores l\u00e6sere via Skype, fordi vi mener, at det giver os en mere personlig og effektiv kommunikation. Vores SkypeID er live:.cid.d5c381bed0056b6c, og du er velkommen til at kontakte os der til enhver tid. For at g\u00f8re det nemmere for dig som l\u00e6ser har vi nedenfor samlet en tabel med vores SkypeID.<\/p>\n\n<figure class=\"wp-block-table\"><table><thead><tr><th>Navn<\/th><th>SkypeID<\/th><\/tr><\/thead><tbody><tr><td>St\u00f8tteenhed<\/td><td>live:.cid.d5c381bed0056b6c<\/td><\/tr><\/tbody><\/table><\/figure>\n\n<h2 class=\"wp-block-heading\">Kontaktformular<\/h2>\n\n<p>For dem, der foretr\u00e6kker at kontakte os via kontaktformularen, er det ogs\u00e5 muligt. Vi erkender dog, at der er en risiko for, at spam-mails kan slippe igennem, og at anmodninger kan g\u00e5 tabt. Derfor anbefaler vi, at du kontakter os via Skype, hvis det er muligt. Men hvis du v\u00e6lger at bruge kontaktformularen, kan du v\u00e6re sikker p\u00e5, at vi vil svare dig s\u00e5 hurtigt, som vi kan.<\/p>\n\n<p>Tak for din interesse for ENTE, og vi ser frem til at h\u00f8re fra dig!<\/p>\n","protected":false},"excerpt":{"rendered":"<p>Hos Ente s\u00e6tter vi pris p\u00e5 og gl\u00e6der os over alle anmodninger, feedback og sp\u00f8rgsm\u00e5l fra vores l\u00e6sere. Vi mener, at det er gennem kommunikation og interaktion med vores l\u00e6sere, at vi kan forbedre og tilpasse vores websted for at opfylde deres behov og interesser. Skype Vi foretr\u00e6kker at kommunikere med vores l\u00e6sere via Skype, [&hellip;]<\/p>\n","protected":false},"author":1,"featured_media":0,"parent":0,"menu_order":0,"comment_status":"closed","ping_status":"closed","template":"","meta":{"footnotes":""},"class_list":["post-4128","page","type-page","status-publish"],"yoast_head":"<!-- This site is optimized with the Yoast SEO plugin v27.5 - https:\/\/yoast.com\/product\/yoast-seo-wordpress\/ -->\n<title>Kontakt - Ente<\/title>\n<meta name=\"robots\" content=\"index, follow, max-snippet:-1, max-image-preview:large, max-video-preview:-1\" \/>\n<link rel=\"canonical\" href=\"https:\/\/ente.nu\/kontakt\/\" \/>\n<meta property=\"og:locale\" content=\"da_DK\" \/>\n<meta property=\"og:type\" content=\"article\" \/>\n<meta property=\"og:title\" content=\"Kontakt - Ente\" \/>\n<meta property=\"og:description\" content=\"Hos Ente s\u00e6tter vi pris p\u00e5 og gl\u00e6der os over alle anmodninger, feedback og sp\u00f8rgsm\u00e5l fra vores l\u00e6sere. Vi mener, at det er gennem kommunikation og interaktion med vores l\u00e6sere, at vi kan forbedre og tilpasse vores websted for at opfylde deres behov og interesser. Skype Vi foretr\u00e6kker at kommunikere med vores l\u00e6sere via Skype, [&hellip;]\" \/>\n<meta property=\"og:url\" content=\"https:\/\/ente.nu\/kontakt\/\" \/>\n<meta property=\"og:site_name\" content=\"Ente\" \/>\n<meta property=\"article:modified_time\" content=\"2023-09-13T08:15:05+00:00\" \/>\n<meta name=\"twitter:card\" content=\"summary_large_image\" \/>\n<meta name=\"twitter:label1\" content=\"Estimeret l\u00e6setid\" \/>\n\t<meta name=\"twitter:data1\" content=\"1 minut\" \/>\n<script type=\"application\/ld+json\" class=\"yoast-schema-graph\">{\"@context\":\"https:\\\/\\\/schema.org\",\"@graph\":[{\"@type\":\"WebPage\",\"@id\":\"https:\\\/\\\/ente.nu\\\/kontakt\\\/\",\"url\":\"https:\\\/\\\/ente.nu\\\/kontakt\\\/\",\"name\":\"Kontakt - Ente\",\"isPartOf\":{\"@id\":\"https:\\\/\\\/ente.nu\\\/fi\\\/#website\"},\"datePublished\":\"2022-11-10T08:54:14+00:00\",\"dateModified\":\"2023-09-13T08:15:05+00:00\",\"breadcrumb\":{\"@id\":\"https:\\\/\\\/ente.nu\\\/kontakt\\\/#breadcrumb\"},\"inLanguage\":\"da-DK\",\"potentialAction\":[{\"@type\":\"ReadAction\",\"target\":[\"https:\\\/\\\/ente.nu\\\/kontakt\\\/\"]}]},{\"@type\":\"BreadcrumbList\",\"@id\":\"https:\\\/\\\/ente.nu\\\/kontakt\\\/#breadcrumb\",\"itemListElement\":[{\"@type\":\"ListItem\",\"position\":1,\"name\":\"Hem\",\"item\":\"https:\\\/\\\/ente.nu\\\/da\\\/nyheder-i-igaming-casino-verdenen\\\/\"},{\"@type\":\"ListItem\",\"position\":2,\"name\":\"Kontakt\"}]},{\"@type\":\"WebSite\",\"@id\":\"https:\\\/\\\/ente.nu\\\/fi\\\/#website\",\"url\":\"https:\\\/\\\/ente.nu\\\/fi\\\/\",\"name\":\"Ente\",\"description\":\"\",\"potentialAction\":[{\"@type\":\"SearchAction\",\"target\":{\"@type\":\"EntryPoint\",\"urlTemplate\":\"https:\\\/\\\/ente.nu\\\/fi\\\/?s={search_term_string}\"},\"query-input\":{\"@type\":\"PropertyValueSpecification\",\"valueRequired\":true,\"valueName\":\"search_term_string\"}}],\"inLanguage\":\"da-DK\"}]}<\/script>\n<!-- \/ Yoast SEO plugin. -->","yoast_head_json":{"title":"Kontakt - Ente","robots":{"index":"index","follow":"follow","max-snippet":"max-snippet:-1","max-image-preview":"max-image-preview:large","max-video-preview":"max-video-preview:-1"},"canonical":"https:\/\/ente.nu\/kontakt\/","og_locale":"da_DK","og_type":"article","og_title":"Kontakt - Ente","og_description":"Hos Ente s\u00e6tter vi pris p\u00e5 og gl\u00e6der os over alle anmodninger, feedback og sp\u00f8rgsm\u00e5l fra vores l\u00e6sere. Vi mener, at det er gennem kommunikation og interaktion med vores l\u00e6sere, at vi kan forbedre og tilpasse vores websted for at opfylde deres behov og interesser. Skype Vi foretr\u00e6kker at kommunikere med vores l\u00e6sere via Skype, [&hellip;]","og_url":"https:\/\/ente.nu\/kontakt\/","og_site_name":"Ente","article_modified_time":"2023-09-13T08:15:05+00:00","twitter_card":"summary_large_image","twitter_misc":{"Estimeret l\u00e6setid":"1 minut"},"schema":{"@context":"https:\/\/schema.org","@graph":[{"@type":"WebPage","@id":"https:\/\/ente.nu\/kontakt\/","url":"https:\/\/ente.nu\/kontakt\/","name":"Kontakt - Ente","isPartOf":{"@id":"https:\/\/ente.nu\/fi\/#website"},"datePublished":"2022-11-10T08:54:14+00:00","dateModified":"2023-09-13T08:15:05+00:00","breadcrumb":{"@id":"https:\/\/ente.nu\/kontakt\/#breadcrumb"},"inLanguage":"da-DK","potentialAction":[{"@type":"ReadAction","target":["https:\/\/ente.nu\/kontakt\/"]}]},{"@type":"BreadcrumbList","@id":"https:\/\/ente.nu\/kontakt\/#breadcrumb","itemListElement":[{"@type":"ListItem","position":1,"name":"Hem","item":"https:\/\/ente.nu\/da\/nyheder-i-igaming-casino-verdenen\/"},{"@type":"ListItem","position":2,"name":"Kontakt"}]},{"@type":"WebSite","@id":"https:\/\/ente.nu\/fi\/#website","url":"https:\/\/ente.nu\/fi\/","name":"Ente","description":"","potentialAction":[{"@type":"SearchAction","target":{"@type":"EntryPoint","urlTemplate":"https:\/\/ente.nu\/fi\/?s={search_term_string}"},"query-input":{"@type":"PropertyValueSpecification","valueRequired":true,"valueName":"search_term_string"}}],"inLanguage":"da-DK"}]}},"_links":{"self":[{"href":"https:\/\/ente.nu\/da\/wp-json\/wp\/v2\/pages\/4128","targetHints":{"allow":["GET"]}}],"collection":[{"href":"https:\/\/ente.nu\/da\/wp-json\/wp\/v2\/pages"}],"about":[{"href":"https:\/\/ente.nu\/da\/wp-json\/wp\/v2\/types\/page"}],"author":[{"embeddable":true,"href":"https:\/\/ente.nu\/da\/wp-json\/wp\/v2\/users\/1"}],"replies":[{"embeddable":true,"href":"https:\/\/ente.nu\/da\/wp-json\/wp\/v2\/comments?post=4128"}],"version-history":[{"count":5,"href":"https:\/\/ente.nu\/da\/wp-json\/wp\/v2\/pages\/4128\/revisions"}],"predecessor-version":[{"id":460261,"href":"https:\/\/ente.nu\/da\/wp-json\/wp\/v2\/pages\/4128\/revisions\/460261"}],"wp:attachment":[{"href":"https:\/\/ente.nu\/da\/wp-json\/wp\/v2\/media?parent=4128"}],"curies":[{"name":"wp","href":"https:\/\/api.w.org\/{rel}","templated":true}]}}